{"id":638,"date":"2015-02-15T16:29:43","date_gmt":"2015-02-15T16:29:43","guid":{"rendered":"http:\/\/karoalexanian.com\/wp\/?page_id=638"},"modified":"2021-04-16T13:34:05","modified_gmt":"2021-04-16T17:34:05","slug":"biographie","status":"publish","type":"page","link":"https:\/\/karoalexanian.com\/wp\/biographie\/","title":{"rendered":"BIOGRAPHIE"},"content":{"rendered":"<p>[et_pb_section fb_built=\u00a0\u00bb1&Prime; _builder_version=\u00a0\u00bb3.22&Prime;][et_pb_row _builder_version=\u00a0\u00bb3.25&Prime; background_size=\u00a0\u00bbinitial\u00a0\u00bb background_position=\u00a0\u00bbtop_left\u00a0\u00bb background_repeat=\u00a0\u00bbrepeat\u00a0\u00bb][et_pb_column type=\u00a0\u00bb4_4&Prime; _builder_version=\u00a0\u00bb3.25&Prime; custom_padding=\u00a0\u00bb|||\u00a0\u00bb custom_padding__hover=\u00a0\u00bb|||\u00a0\u00bb][et_pb_text admin_label=\u00a0\u00bbPhoto Karo\u00a0\u00bb _builder_version=\u00a0\u00bb3.27.4&Prime; background_size=\u00a0\u00bbinitial\u00a0\u00bb background_position=\u00a0\u00bbtop_left\u00a0\u00bb background_repeat=\u00a0\u00bbrepeat\u00a0\u00bb]<\/p>\n<p>\n<a href=\"http:\/\/karoalexanian.com\/wp\/wp-content\/uploads\/2015\/02\/Karo3.jpg\"><img loading=\"lazy\" decoding=\"async\" class=\" size-full wp-image-639 aligncenter\" src=\"http:\/\/karoalexanian.com\/wp\/wp-content\/uploads\/2015\/02\/Karo3.jpg\" alt=\"Karo3\" width=\"400\" height=\"200\" srcset=\"https:\/\/karoalexanian.com\/wp\/wp-content\/uploads\/2015\/02\/Karo3.jpg 400w, https:\/\/karoalexanian.com\/wp\/wp-content\/uploads\/2015\/02\/Karo3-300x150.jpg 300w\" sizes=\"(max-width: 400px) 100vw, 400px\" \/><\/a><\/p>\n<p>[\/et_pb_text][et_pb_text admin_label=\u00a0\u00bbBiographie\u00a0\u00bb _builder_version=\u00a0\u00bb4.9.4&Prime; background_size=\u00a0\u00bbinitial\u00a0\u00bb background_position=\u00a0\u00bbtop_left\u00a0\u00bb background_repeat=\u00a0\u00bbrepeat\u00a0\u00bb]<\/p>\n<div class='et-box et-shadow'>\n\t\t\t\t\t<div class='et-box-content'><strong>&nbsp;BIOGRAPHIE<\/strong><\/p>\n<p>&nbsp;<\/p>\n<p>&nbsp;<\/p>\n<p><span style=\"color: #333333;\">1956 N\u00e9 en USSR.<\/span><\/p>\n<p><span style=\"color: #333333;\">1976 &#8211; 1979 Obtient son dipl\u00f4me de l&rsquo;Ecole des Beaux-Arts \u00e0 Erevan, Arm\u00e9nie.<\/span><\/p>\n<p><span style=\"color: #333333;\">1980 &#8211; 1997 S&rsquo;installe \u00e0 Moscou. Suit des cours au studio de peinture et d&rsquo;art graphique. Enti\u00e8rement se consacre \u00e0 la cr\u00e9ation et \u00e0 son d\u00e9veloppement artistique. Participe \u00e0 plusieurs expositions. 1994 Devient membre de l&rsquo;Union International des artistes.&nbsp; &nbsp; &nbsp;<\/span><\/p>\n<p><span style=\"color: #333333;\">1994 &#8211; 1996 Voyage et expose en Allemagne et en Autriche.<\/span><\/p>\n<p><span style=\"color: #333333;\">1997 \u00c9migre au Qu\u00e9bec, Canada.<\/span>&nbsp;<\/div><\/div>\n<p>[\/et_pb_text][et_pb_text admin_label=\u00a0\u00bbRepr\u00e9sent\u00e9 par les galeries\u00a0\u00bb _builder_version=\u00a0\u00bb3.27.4&Prime; background_size=\u00a0\u00bbinitial\u00a0\u00bb background_position=\u00a0\u00bbtop_left\u00a0\u00bb background_repeat=\u00a0\u00bbrepeat\u00a0\u00bb]<\/p>\n<p>\n<div class='et-box et-shadow'>\n\t\t\t\t\t<div class='et-box-content'>&nbsp;<strong>REPR\u00c9SENT\u00c9 PAR LES GALERIES&nbsp;<\/strong><\/p>\n<p>&nbsp;<\/p>\n<p>&nbsp;<\/p>\n<p>&nbsp;<\/p>\n<ul>\n<li><a title=\"BIOGRAPHIE\" href=\"http:\/\/www.thompsonlandry.com\/artists\/a_alexanian.html\" target=\"_blank\" rel=\"noopener noreferrer\"><u>Galerie Thompson Landry<\/u><\/a>&nbsp;<span style=\"color: #333333;\">\u00e0 Toronto<\/span>;<\/li>\n<li><a href=\"http:\/\/www.lharmattan.com\/fr\/galerie-art-baie-st-paul\/artiste-peintre-sculpteur\/karo-alexanian\" target=\"_blank\" rel=\"noopener noreferrer\"><u>Galerie L\u2019Harmattan<\/u><\/a>&nbsp;<span style=\"color: #333333;\">\u00e0 Baie-Saint-Paul<\/span>;<\/li>\n<li><a href=\"http:\/\/www.galerievalentin.com\/art-contemporain\/karo-alexanian\/\" target=\"_blank\" rel=\"noopener noreferrer\"><u>Galerie Valentin<\/u><\/a>&nbsp;<span style=\"color: #333333;\">\u00e0 Montr\u00e9al<\/span>;<\/li>\n<li><a href=\"http:\/\/www.gevik.com\/alexanian\/\" target=\"_blank\" rel=\"noopener noreferrer\"><u>Galerie Gevik<\/u><\/a>&nbsp;<span style=\"color: #333333;\">\u00e0 Toronto.<\/span>&nbsp;<\/div><\/div><\/li>\n<\/ul>\n<p>[\/et_pb_text][et_pb_text admin_label=\u00a0\u00bbExpositions personnelles\u00a0\u00bb _builder_version=\u00a0\u00bb4.9.4&Prime; background_size=\u00a0\u00bbinitial\u00a0\u00bb background_position=\u00a0\u00bbtop_left\u00a0\u00bb background_repeat=\u00a0\u00bbrepeat\u00a0\u00bb z_index_tablet=\u00a0\u00bb500&Prime;]<\/p>\n<div class='et-box et-shadow'>\n\t\t\t\t\t<div class='et-box-content'>&nbsp;<strong>EXPOSITIONS PERSONNELLES<\/strong><\/p>\n<p>2020 Thompson Landry Gallery, Toronto<\/p>\n<p>2018 Maison des arts Rostov Russie<\/p>\n<p>2017 Maison des arts Krasnodar Russie<\/p>\n<p>2016 Thompson Landry Gallery,Toronto<\/p>\n<p><span style=\"color: #333333;\">2012 Thompson Landry Gallery Toronto<\/span><\/p>\n<p><span style=\"color: #333333;\">2009 Gevik Gallery, Toronto<\/span><\/p>\n<p><span style=\"color: #333333;\">2007 Galerie Valentin, Montr\u00e9al<\/span><\/p>\n<p><span style=\"color: #333333;\">2007 Gevik Gallery, Toronto<\/span><\/p>\n<p><span style=\"color: #333333;\">2005 Gevik Gallery, Toronto<\/span><\/p>\n<p><span style=\"color: #333333;\">2005 C.C.A. Montreal<\/span><\/p>\n<p><span style=\"color: #333333;\">2004 Galerie Valentin, Montr\u00e9al<\/span><\/p>\n<p><span style=\"color: #333333;\">2003 Gevik Gallery, Toronto<\/span><\/p>\n<p><span style=\"color: #333333;\">2002 Gevik Gallery, Toronto<\/span><\/p>\n<p><span style=\"color: #333333;\">2000 Galerie Valentin, Montr\u00e9al<\/span><\/p>\n<p><span style=\"color: #333333;\">1996 Vienna, Austria<\/span><\/p>\n<p><span style=\"color: #333333;\">1996 Maison des arts, Moscou<\/span><\/p>\n<p><span style=\"color: #333333;\">1994 Galerie Eckes,Mainz, Allemagne<\/span><\/div><\/div>\n<p>[\/et_pb_text][et_pb_text admin_label=\u00a0\u00bbExpositions collectives\u00a0\u00bb _builder_version=\u00a0\u00bb4.9.4&Prime; background_size=\u00a0\u00bbinitial\u00a0\u00bb background_position=\u00a0\u00bbtop_left\u00a0\u00bb background_repeat=\u00a0\u00bbrepeat\u00a0\u00bb z_index_tablet=\u00a0\u00bb500&Prime;]<\/p>\n<p><div class='et-box et-shadow'>\n\t\t\t\t\t<div class='et-box-content'>&nbsp;<strong>EXPOSITIONS COLLECTIVES<\/strong><\/p>\n<p>2021 Printemps Galerie l&rsquo;harmattan&nbsp;<\/p>\n<p>2020 Printemps Galerie l&rsquo;harmattan&nbsp;<\/p>\n<p>2019 Printemps Galerie l&rsquo;harmattan&nbsp;<\/p>\n<p>2018 Galerie Thompson Landry<\/p>\n<p>2018 &nbsp;<span style=\"color: #333333;\">Printemps\/Automne Galerie l&rsquo;Harmattan, Baie-Saint-Paul<\/span><\/p>\n<p><span style=\"color: #333333;\">2000 &#8211; 2017 Hiver Galerie Valentin, Montr\u00e9al<\/span><\/p>\n<p><span style=\"color: #333333;\">2000 &#8211; 2017 Printemps Galerie Valentin, Montr\u00e9al<\/span><\/p>\n<p><span style=\"color: #333333;\">2002 &#8211; 2017 Printemps\/Automne Galerie l&rsquo;Harmattan, Baie-Saint-Paul<\/span><\/p>\n<p><span style=\"color: #333333;\">2002 &#8211; 2017 Galerie Gevik, Toronto<\/span><\/p>\n<p><span style=\"color: #333333;\">2002 &#8211; 2004 &#8211; 2007 Armenian Artists of Montreal<\/span><\/p>\n<p><span style=\"color: #333333;\">2001 Canadian Armenian artists, Toronto, Detroit, New York<\/span><\/p>\n<p><span style=\"color: #333333;\">1983 &#8211; 1997 Moscou<\/div><\/div><\/span><\/p>\n<p>[\/et_pb_text][et_pb_text admin_label=\u00a0\u00bbBibliographie\u00a0\u00bb _builder_version=\u00a0\u00bb3.27.4&Prime; background_size=\u00a0\u00bbinitial\u00a0\u00bb background_position=\u00a0\u00bbtop_left\u00a0\u00bb background_repeat=\u00a0\u00bbrepeat\u00a0\u00bb]<\/p>\n<p>\n<div class='et-box et-shadow'>\n\t\t\t\t\t<div class='et-box-content'>&nbsp;<strong>BIBLIOGRAPHIE<\/strong><\/p>\n<p>&nbsp;<\/p>\n<p>&nbsp;<\/p>\n<p><span style=\"color: #333333;\">2007 T\u00e9l\u00e9vision Arm\u00e9nienne-Le monde Arm\u00e9nien cultural<\/span><\/p>\n<p><span style=\"color: #333333;\">2007 Parcours, L\u2019 informateur Des Art, Vol. 13, No 2 ( Automne 2007) Louise-Marie Bernard, Karo Alexanian : abstracteur de quintessence. Parcours Art &amp; Art de vivre.<\/span><\/p>\n<p><span style=\"color: #333333;\">2004 Parcours, L\u2019informateur Des Art, Vol.10, No 3 (Automne 2004), \u00abL\u2019art et l\u2019\u00e2me\u2026\u00bb by Robert Bernier<\/span><\/p>\n<p><span style=\"color: #333333;\">2004 Horizon (hebdomadaire arm\u00e9nien),vol.1,no 29(479) (13 d\u00e9cembre 2004). Texte de l\u2019article de Robert Bernier dans Parcours<\/span><\/p>\n<p><span style=\"color: #333333;\">2004 T\u00e9l\u00e9vision Arm\u00e9nienne-programme cullturel<\/span><\/p>\n<p><span style=\"color: #333333;\">2004 24 heures, vol. 4. No164 (4 novembre)<\/span><\/p>\n<p><span style=\"color: #333333;\">2001 Parcours, L\u2019informateur Des Arts, Vol.7,No 3 (\u00c9t\u00e9 2001),\u00abUne \u00e9tranget\u00e9 famili\u00e8re\u00bb by Jean Dumont<\/div><\/div><\/span><\/p>\n<p>[\/et_pb_text][et_pb_text admin_label=\u00a0\u00bbCollection\u00a0\u00bb _builder_version=\u00a0\u00bb3.27.4&Prime; background_size=\u00a0\u00bbinitial\u00a0\u00bb background_position=\u00a0\u00bbtop_left\u00a0\u00bb background_repeat=\u00a0\u00bbrepeat\u00a0\u00bb]<\/p>\n<p>\n<div class='et-box et-shadow'>\n\t\t\t\t\t<div class='et-box-content'>&nbsp;<strong>COLLECTION<\/strong><\/p>\n<p>&nbsp;<\/p>\n<p>&nbsp;<\/p>\n<ul>\n<li><span style=\"color: #333333;\">Midland Steel Ltd;<\/span><\/li>\n<li><span style=\"color: #333333;\">Sandalwood Management Inc;<\/span><\/li>\n<li><span style=\"color: #333333;\">Tietolman Trading Ltd;<\/span><\/li>\n<li><span style=\"color: #333333;\">Escada Boutique,Boston;<\/span><\/li>\n<li><span style=\"color: #333333;\">SNC Lavalin;<\/span><\/li>\n<li><span style=\"color: #333333;\">Ville de Montr\u00e9al<\/div><\/div><\/span><\/li>\n<\/ul>\n<p>[\/et_pb_text][\/et_pb_column][\/et_pb_row][\/et_pb_section]<\/p>\n","protected":false},"excerpt":{"rendered":"<p><div class='et-box et-shadow'>\n\t\t\t\t\t<div class='et-box-content'><\/div><\/div>&nbsp;BIOGRAPHIE &nbsp; &nbsp; 1956 N\u00e9 en USSR. 1976 &#8211; 1979 Obtient son dipl\u00f4me de l&rsquo;Ecole des Beaux-Arts \u00e0 Erevan, Arm\u00e9nie. 1980 &#8211; 1997 S&rsquo;installe \u00e0 Moscou. Suit des cours au studio de peinture et d&rsquo;art graphique. Enti\u00e8rement se consacre \u00e0 la cr\u00e9ation et \u00e0 son d\u00e9veloppement artistique. Participe \u00e0 plusieurs expositions. 1994 Devient membre de [&hellip;]<\/p>\n","protected":false},"author":1,"featured_media":0,"parent":0,"menu_order":0,"comment_status":"open","ping_status":"open","template":"","meta":{"_et_pb_use_builder":"on","_et_pb_old_content":"","_et_gb_content_width":"","ngg_post_thumbnail":0,"footnotes":""},"class_list":["post-638","page","type-page","status-publish","hentry"],"_links":{"self":[{"href":"https:\/\/karoalexanian.com\/wp\/wp-json\/wp\/v2\/pages\/638","targetHints":{"allow":["GET"]}}],"collection":[{"href":"https:\/\/karoalexanian.com\/wp\/wp-json\/wp\/v2\/pages"}],"about":[{"href":"https:\/\/karoalexanian.com\/wp\/wp-json\/wp\/v2\/types\/page"}],"author":[{"embeddable":true,"href":"https:\/\/karoalexanian.com\/wp\/wp-json\/wp\/v2\/users\/1"}],"replies":[{"embeddable":true,"href":"https:\/\/karoalexanian.com\/wp\/wp-json\/wp\/v2\/comments?post=638"}],"version-history":[{"count":5,"href":"https:\/\/karoalexanian.com\/wp\/wp-json\/wp\/v2\/pages\/638\/revisions"}],"predecessor-version":[{"id":1706,"href":"https:\/\/karoalexanian.com\/wp\/wp-json\/wp\/v2\/pages\/638\/revisions\/1706"}],"wp:attachment":[{"href":"https:\/\/karoalexanian.com\/wp\/wp-json\/wp\/v2\/media?parent=638"}],"curies":[{"name":"wp","href":"https:\/\/api.w.org\/{rel}","templated":true}]}}