{"id":675,"date":"2015-02-15T17:49:50","date_gmt":"2015-02-15T17:49:50","guid":{"rendered":"http:\/\/karoalexanian.com\/wp\/?page_id=675"},"modified":"2018-05-02T16:30:04","modified_gmt":"2018-05-02T20:30:04","slug":"contact","status":"publish","type":"page","link":"https:\/\/karoalexanian.com\/wp\/contact\/","title":{"rendered":"CONTACT"},"content":{"rendered":"<p>[et_pb_section bb_built=\u00a0\u00bb1&Prime;][et_pb_row][et_pb_column type=\u00a0\u00bb4_4&Prime;][et_pb_text background_layout=\u00a0\u00bblight\u00a0\u00bb text_orientation=\u00a0\u00bbleft\u00a0\u00bb background_position=\u00a0\u00bbtop_left\u00a0\u00bb background_repeat=\u00a0\u00bbrepeat\u00a0\u00bb background_size=\u00a0\u00bbinitial\u00a0\u00bb]<\/p>\n<p><em><span style=\"color: #000000;\">Les oeuvres de Karo sont disponibles dans quatre galeries canadiennes :<\/span><\/em><\/p>\n<p>[\/et_pb_text][\/et_pb_column][\/et_pb_row][et_pb_row][et_pb_column type=\u00a0\u00bb4_4&Prime;][et_pb_divider color=\u00a0\u00bb#afafaf\u00a0\u00bb show_divider=\u00a0\u00bbon\u00a0\u00bb disabled_on=\u00a0\u00bbon|on|off\u00a0\u00bb \/][\/et_pb_column][\/et_pb_row][et_pb_row][et_pb_column type=\u00a0\u00bb1_3&Prime;][et_pb_image src=\u00a0\u00bbhttp:\/\/karoalexanian.com\/wp\/wp-content\/uploads\/2015\/02\/Galerie_Thompson.jpg\u00a0\u00bb url=\u00a0\u00bbhttp:\/\/www.thompsonlandry.com\/artists\/a_alexanian.html\u00a0\u00bb animation_style=\u00a0\u00bbslide\u00a0\u00bb animation_duration=\u00a0\u00bb500ms\u00a0\u00bb animation_intensity_slide=\u00a0\u00bb10%\u00a0\u00bb animation_direction=\u00a0\u00bbleft\u00a0\u00bb _builder_version=\u00a0\u00bb3.2&Prime; \/][\/et_pb_column][et_pb_column type=\u00a0\u00bb1_3&Prime;][et_pb_text admin_label=\u00a0\u00bbGalerie Thompson\u00a0\u00bb background_position=\u00a0\u00bbtop_left\u00a0\u00bb background_repeat=\u00a0\u00bbrepeat\u00a0\u00bb background_size=\u00a0\u00bbinitial\u00a0\u00bb _builder_version=\u00a0\u00bb3.2&Prime;]<\/p>\n<p class=\"big\" style=\"color: #000000; text-align: left;\"><span class=\"xbig\"><a class=\"big\" href=\"http:\/\/www.thompsonlandry.com\/artists\/a_alexanian.html\"><u>Galerie Thompson Landry<\/u><\/a><\/span><\/p>\n<p class=\"big\" style=\"color: #000000; text-align: left;\">32 Distillery Lane<br \/>\nToronto, Ontario, Canada<br \/>\nM5A 3C4<\/p>\n<p class=\"big\" style=\"color: #000000; text-align: left;\">Tel.: 416-364-4955<br \/>\nFax: 416-364-4866<\/p>\n<p>[\/et_pb_text][\/et_pb_column][et_pb_column type=\u00a0\u00bb1_3&Prime;][\/et_pb_column][\/et_pb_row][et_pb_row][et_pb_column type=\u00a0\u00bb4_4&Prime;][et_pb_divider color=\u00a0\u00bb#afafaf\u00a0\u00bb show_divider=\u00a0\u00bbon\u00a0\u00bb disabled_on=\u00a0\u00bbon|on|off\u00a0\u00bb \/][\/et_pb_column][\/et_pb_row][et_pb_row][et_pb_column type=\u00a0\u00bb1_3&Prime;][et_pb_image src=\u00a0\u00bbhttp:\/\/karoalexanian.com\/wp\/wp-content\/uploads\/2018\/05\/Galerie_LHarmattan.jpg\u00a0\u00bb url=\u00a0\u00bbhttp:\/\/www.lharmattan.com\/fr\/galerie-art-baie-st-paul\/artiste-peintre-sculpteur\/karo-alexanian\u00a0\u00bb animation_style=\u00a0\u00bbslide\u00a0\u00bb animation_duration=\u00a0\u00bb500ms\u00a0\u00bb animation_intensity_slide=\u00a0\u00bb10%\u00a0\u00bb animation_direction=\u00a0\u00bbleft\u00a0\u00bb _builder_version=\u00a0\u00bb3.2&Prime; \/][\/et_pb_column][et_pb_column type=\u00a0\u00bb1_3&Prime;][et_pb_text admin_label=\u00a0\u00bbGalerie L&rsquo;Harmattan\u00a0\u00bb background_position=\u00a0\u00bbtop_left\u00a0\u00bb background_repeat=\u00a0\u00bbrepeat\u00a0\u00bb background_size=\u00a0\u00bbinitial\u00a0\u00bb _builder_version=\u00a0\u00bb3.2&Prime;]<\/p>\n<p><a href=\"http:\/\/www.lharmattan.com\/fr\/galerie-art-baie-st-paul\/artiste-peintre-sculpteur\/karo-alexanian\"><u>Galerie L&rsquo;Harmattan<\/u><\/a><\/p>\n<p><span style=\"color: #000000;\">82, rue St-Jean-Baptiste<\/span><br \/>\n<span style=\"color: #000000;\">Baie-Saint-Paul, Qu\u00e9bec, CANADA<\/span><br \/>\n<span style=\"color: #000000;\">G3Z 1M6<\/span><\/p>\n<p><span style=\"color: #000000;\">T\u00e9l\u00e9phone : 418 435-2970<\/span><br \/>\n<span style=\"color: #000000;\">T\u00e9l\u00e9copieur : 418 435-2122<\/span><\/p>\n<p>[\/et_pb_text][\/et_pb_column][et_pb_column type=\u00a0\u00bb1_3&Prime;][\/et_pb_column][\/et_pb_row][et_pb_row][et_pb_column type=\u00a0\u00bb4_4&Prime;][et_pb_divider color=\u00a0\u00bb#afafaf\u00a0\u00bb show_divider=\u00a0\u00bbon\u00a0\u00bb disabled_on=\u00a0\u00bbon|on|off\u00a0\u00bb \/][\/et_pb_column][\/et_pb_row][et_pb_row][et_pb_column type=\u00a0\u00bb1_3&Prime;][et_pb_image src=\u00a0\u00bbhttp:\/\/karoalexanian.com\/wp\/wp-content\/uploads\/2015\/02\/Galerie_Valentin.jpg\u00a0\u00bb show_in_lightbox=\u00a0\u00bboff\u00a0\u00bb url_new_window=\u00a0\u00bboff\u00a0\u00bb animation=\u00a0\u00bbleft\u00a0\u00bb sticky=\u00a0\u00bboff\u00a0\u00bb url=\u00a0\u00bbhttp:\/\/www.galerievalentin.com\/art-contemporain\/karo-alexanian\/\u00a0\u00bb animation_style=\u00a0\u00bbslide\u00a0\u00bb animation_duration=\u00a0\u00bb500ms\u00a0\u00bb animation_intensity_slide=\u00a0\u00bb10%\u00a0\u00bb animation_direction=\u00a0\u00bbleft\u00a0\u00bb show_bottom_space=\u00a0\u00bbon\u00a0\u00bb \/][\/et_pb_column][et_pb_column type=\u00a0\u00bb1_3&Prime;][et_pb_text admin_label=\u00a0\u00bbGalerie Valentin\u00a0\u00bb background_position=\u00a0\u00bbtop_left\u00a0\u00bb background_repeat=\u00a0\u00bbrepeat\u00a0\u00bb background_size=\u00a0\u00bbinitial\u00a0\u00bb _builder_version=\u00a0\u00bb3.2&Prime;]<\/p>\n<p><a href=\"http:\/\/www.galerievalentin.com\/art-contemporain\/karo-alexanian\/\"><u>Galerie Valentin<\/u><\/a><br \/>\n<span style=\"color: #000000;\">1490, Sherbrooke Ouest, Suite 200<\/span><br \/>\n<span style=\"color: #000000;\">Montr\u00e9al, Qu\u00e9bec, Canada<\/span><br \/>\n<span style=\"color: #000000;\">H3G 1L3<\/span><\/p>\n<p><span style=\"color: #000000;\">&nbsp;<\/span><\/p>\n<p><span style=\"color: #000000;\">T\u00e9l\u00e9phone : 514 939-0500<\/span><br \/>\n<span style=\"color: #000000;\">T\u00e9l\u00e9copieur : 514 939-0413<\/span><\/p>\n<p>[\/et_pb_text][\/et_pb_column][et_pb_column type=\u00a0\u00bb1_3&Prime;][\/et_pb_column][\/et_pb_row][et_pb_row][et_pb_column type=\u00a0\u00bb4_4&Prime;][et_pb_divider color=\u00a0\u00bb#afafaf\u00a0\u00bb show_divider=\u00a0\u00bbon\u00a0\u00bb disabled_on=\u00a0\u00bbon|on|off\u00a0\u00bb \/][\/et_pb_column][\/et_pb_row][et_pb_row][et_pb_column type=\u00a0\u00bb1_3&Prime;][et_pb_image src=\u00a0\u00bbhttp:\/\/karoalexanian.com\/wp\/wp-content\/uploads\/2015\/02\/Galerie_Gevik.jpg\u00a0\u00bb show_in_lightbox=\u00a0\u00bboff\u00a0\u00bb url_new_window=\u00a0\u00bboff\u00a0\u00bb animation=\u00a0\u00bbleft\u00a0\u00bb sticky=\u00a0\u00bboff\u00a0\u00bb url=\u00a0\u00bbhttp:\/\/www.gevik.com\/alexanian\/\u00a0\u00bb animation_style=\u00a0\u00bbslide\u00a0\u00bb animation_duration=\u00a0\u00bb500ms\u00a0\u00bb animation_intensity_slide=\u00a0\u00bb10%\u00a0\u00bb animation_direction=\u00a0\u00bbleft\u00a0\u00bb show_bottom_space=\u00a0\u00bbon\u00a0\u00bb \/][\/et_pb_column][et_pb_column type=\u00a0\u00bb1_3&Prime;][et_pb_text admin_label=\u00a0\u00bbGalerie Gevik\u00a0\u00bb background_position=\u00a0\u00bbtop_left\u00a0\u00bb background_repeat=\u00a0\u00bbrepeat\u00a0\u00bb background_size=\u00a0\u00bbinitial\u00a0\u00bb _builder_version=\u00a0\u00bb3.2&Prime;]<\/p>\n<p><a href=\"http:\/\/www.gevik.com\/alexanian\/\"><u>Galerie Gevik<\/u><\/a><br \/>\n<span style=\"color: #000000;\">12 Hazelton Avenue<\/span><br \/>\n<span style=\"color: #000000;\">Toronto, Ontario, Canada<\/span><br \/>\n<span style=\"color: #000000;\">M5R 2E2<\/span><\/p>\n<p><span style=\"color: #000000;\">&nbsp;<\/span><\/p>\n<p><span style=\"color: #000000;\">Tel: 416-968-0901<\/span><br \/>\n<span style=\"color: #000000;\">Fax: 416-968-7686<\/span><\/p>\n<p>[\/et_pb_text][\/et_pb_column][et_pb_column type=\u00a0\u00bb1_3&Prime;][\/et_pb_column][\/et_pb_row][et_pb_row][et_pb_column type=\u00a0\u00bb4_4&Prime;][et_pb_divider color=\u00a0\u00bb#afafaf\u00a0\u00bb show_divider=\u00a0\u00bbon\u00a0\u00bb disabled_on=\u00a0\u00bbon|on|off\u00a0\u00bb \/][\/et_pb_column][\/et_pb_row][et_pb_row][et_pb_column type=\u00a0\u00bb4_4&Prime;][et_pb_contact_form captcha=\u00a0\u00bbon\u00a0\u00bb email=\u00a0\u00bbinfo@karoalexanian.com\u00a0\u00bb title=\u00a0\u00bbVous pouvez m&rsquo;\u00e9crire \u00e0 l&rsquo;aide du formulaire ci-dessous\u00a0\u00bb form_field_line_height=\u00a0\u00bb2em\u00a0\u00bb use_border_color=\u00a0\u00bboff\u00a0\u00bb border_color=\u00a0\u00bb#ffffff\u00a0\u00bb border_style=\u00a0\u00bbsolid\u00a0\u00bb custom_button=\u00a0\u00bboff\u00a0\u00bb button_letter_spacing=\u00a0\u00bb0&Prime; button_use_icon=\u00a0\u00bbdefault\u00a0\u00bb button_icon_placement=\u00a0\u00bbright\u00a0\u00bb button_on_hover=\u00a0\u00bbon\u00a0\u00bb button_letter_spacing_hover=\u00a0\u00bb0&Prime; border_radii=\u00a0\u00bbon||||\u00a0\u00bb \/][\/et_pb_column][\/et_pb_row][\/et_pb_section]<\/p>\n","protected":false},"excerpt":{"rendered":"<p><div class=\"et_pb_row et_pb_row_0 et_pb_row_empty\">\n\t\t\t\t\n\t\t\t\t\n\t\t\t\t\n\t\t\t\t\n\t\t\t\t\n\t\t\t<\/div> Les oeuvres de Karo sont disponibles dans quatre galeries canadiennes : <div class=\"et_pb_row et_pb_row_1 et_pb_row_empty\">\n\t\t\t\t\n\t\t\t\t\n\t\t\t\t\n\t\t\t\t\n\t\t\t\t\n\t\t\t<\/div><div class=\"et_pb_row et_pb_row_2 et_pb_row_empty\">\n\t\t\t\t\n\t\t\t\t\n\t\t\t\t\n\t\t\t\t\n\t\t\t\t\n\t\t\t<\/div> Galerie Thompson Landry 32 Distillery Lane Toronto, Ontario, Canada M5A 3C4 Tel.: 416-364-4955 Fax: 416-364-4866 <div class=\"et_pb_row et_pb_row_3 et_pb_row_empty\">\n\t\t\t\t\n\t\t\t\t\n\t\t\t\t\n\t\t\t\t\n\t\t\t\t\n\t\t\t<\/div><div class=\"et_pb_row et_pb_row_4 et_pb_row_empty\">\n\t\t\t\t\n\t\t\t\t\n\t\t\t\t\n\t\t\t\t\n\t\t\t\t\n\t\t\t<\/div> Galerie L&rsquo;Harmattan 82, rue St-Jean-Baptiste Baie-Saint-Paul, Qu\u00e9bec, CANADA G3Z 1M6 T\u00e9l\u00e9phone : 418 435-2970 T\u00e9l\u00e9copieur : 418 435-2122 <div class=\"et_pb_row et_pb_row_5 et_pb_row_empty\">\n\t\t\t\t\n\t\t\t\t\n\t\t\t\t\n\t\t\t\t\n\t\t\t\t\n\t\t\t<\/div><div class=\"et_pb_row et_pb_row_6 et_pb_row_empty\">\n\t\t\t\t\n\t\t\t\t\n\t\t\t\t\n\t\t\t\t\n\t\t\t\t\n\t\t\t<\/div> Galerie Valentin 1490, Sherbrooke Ouest, Suite 200 [&hellip;]<\/p>\n","protected":false},"author":1,"featured_media":0,"parent":0,"menu_order":0,"comment_status":"open","ping_status":"open","template":"","meta":{"_et_pb_use_builder":"on","_et_pb_old_content":"","_et_gb_content_width":"","ngg_post_thumbnail":0,"footnotes":""},"class_list":["post-675","page","type-page","status-publish","hentry"],"_links":{"self":[{"href":"https:\/\/karoalexanian.com\/wp\/wp-json\/wp\/v2\/pages\/675","targetHints":{"allow":["GET"]}}],"collection":[{"href":"https:\/\/karoalexanian.com\/wp\/wp-json\/wp\/v2\/pages"}],"about":[{"href":"https:\/\/karoalexanian.com\/wp\/wp-json\/wp\/v2\/types\/page"}],"author":[{"embeddable":true,"href":"https:\/\/karoalexanian.com\/wp\/wp-json\/wp\/v2\/users\/1"}],"replies":[{"embeddable":true,"href":"https:\/\/karoalexanian.com\/wp\/wp-json\/wp\/v2\/comments?post=675"}],"version-history":[{"count":4,"href":"https:\/\/karoalexanian.com\/wp\/wp-json\/wp\/v2\/pages\/675\/revisions"}],"predecessor-version":[{"id":1391,"href":"https:\/\/karoalexanian.com\/wp\/wp-json\/wp\/v2\/pages\/675\/revisions\/1391"}],"wp:attachment":[{"href":"https:\/\/karoalexanian.com\/wp\/wp-json\/wp\/v2\/media?parent=675"}],"curies":[{"name":"wp","href":"https:\/\/api.w.org\/{rel}","templated":true}]}}